{"id":10800,"date":"2020-09-22T10:35:16","date_gmt":"2020-09-22T08:35:16","guid":{"rendered":"http:\/\/corsi.fotografareindigitale.com\/corsi\/?post_type=product&#038;p=10800"},"modified":"2020-12-01T08:41:38","modified_gmt":"2020-12-01T07:41:38","slug":"il-bianco-e-nero-creativo","status":"publish","type":"product","link":"https:\/\/corsi.fotografareindigitale.com\/corsi\/product\/il-bianco-e-nero-creativo\/","title":{"rendered":"Il bianco e nero creativo"},"content":{"rendered":"<p>Come fotografi, ci confrontiamo ogni giorno con una vasta gamma di scelte: oltre alla scelta del soggetto, ci si deve preoccupare di come la fotografia sar\u00e0 illuminata (se si utilizza la luce artificiale), o a quale ora del giorno l&#8217;illuminazione \u00e8 migliore (se ci si affida alla luce naturale). Poi c&#8217;\u00e8 la scelta dell&#8217;obiettivo, della lunghezza focale, degli stop, della velocit\u00e0 dell&#8217;otturatore, dell&#8217;ISO e cos\u00ec via, per non parlare delle scelte su come elaborare e presentare la vostra foto dopo lo scatto.<\/p>\n<p>La difficolt\u00e0 di gestire\u00a0 cos\u00ec tante scelte artistiche pu\u00f2 portare a blocchi creativi. Una risposta \u00e8 quella di limitare intenzionalmente la propria tavolozza artistica in modo che non ci siano cos\u00ec tante scelte: un&#8217;autolimitazione naturale in fotografia \u00e8 quella di lasciare fuori il colore e presentare il mondo in <strong>bianco e nero<\/strong>.<\/p>\n<p>In questo corso affronteremo il bianco e nero da un punto di vista del pensiero, della visione, della composizione ma soprattutto dei metodi e delle metodologie per ottenere delle foto importanti ed in grado di fare la differenza.<\/p>\n<p>Ma non solo: molte delle fotografie pi\u00f9 potenti, memorabili ed efficaci sono immagini in bianco e nero. Con la fotografia digitale, per\u00f2, non \u00e8 pi\u00f9 possibile scattare una grande fotografia in bianco e nero&#8230; ma \u00e8 possibile crearne una utilizzando le tecniche di fotografia in bianco e nero che vi introdurremo in questo corso. Quindi, se siete confusi su quali tecniche di conversione in bianco e nero utilizzare, se non siete sicuri di come regolare la gamma tonale e il bilanciamento delle vostre foto in bianco e nero utilizzando curve e maschere, volete fare pi\u00f9 ritratti in bianco e nero e volete imparare a tonificare le vostre immagini in bianco e nero, questo corso fa per voi.<\/p>\n<ul>\n<li>Imparerete ad usare una gamma di potenti tecniche di conversione in bianco e nero flessibili e non distruttive. Imparerete quali sono le pi\u00f9 utili e potenti, ad esempio il Mixer di canali e lo strumento Bianco e Nero quando usare una tecnica piuttosto che un&#8217;altra e quali tecniche evitare (e perch\u00e9).<\/li>\n<li>Imparerete come valutare la gamma tonale e il bilanciamento tonale di un&#8217;immagine e poi come effettuare modifiche globali e selettive utilizzando le maschere di selezione dei livelli di regolazione e lo strumento Curve: quattro degli strumenti e delle tecniche pi\u00f9 potenti all&#8217;interno di Photoshop.<\/li>\n<li>Imparerete quindi ad utilizzare strumenti e tecniche per superare alcuni dei problemi unici che dovrete affrontare quando convertirete i vostri ritratti in bianco e nero, compreso come delineare il vostro soggetto dallo sfondo come lavorare con i toni della pelle per massimizzare i dettagli o levigare la pelle del soggetto e come migliorare gli occhi del soggetto.<\/li>\n<li>Imparerete come aggiungere toni unici e complessi che daranno davvero vita alle vostre immagini in bianco e nero.<\/li>\n<li>Imparerete a incorporare tutti questi strumenti e tecniche in un sistema flessibile, potente e ripetibile.<\/li>\n<\/ul>\n","protected":false},"excerpt":{"rendered":"<p>Come fotografi, ci confrontiamo ogni giorno con una vasta gamma di scelte: oltre alla scelta del soggetto, ci si deve preoccupare di come la fotografia sar\u00e0 illuminata (se si utilizza la luce artificiale), o a quale ora del giorno l&#8217;illuminazione \u00e8 migliore (se ci si affida alla luce naturale). Poi c&#8217;\u00e8 la scelta dell&#8217;obiettivo, della lunghezza focale, degli stop, della velocit\u00e0 dell&#8217;otturatore, dell&#8217;ISO e cos\u00ec via, per non parlare delle scelte su come elaborare e presentare la vostra foto dopo lo scatto.<\/p>\n<p>La difficolt\u00e0 di gestire\u00a0 cos\u00ec tante scelte artistiche pu\u00f2 portare a blocchi creativi. Una risposta \u00e8 quella di limitare intenzionalmente la propria tavolozza artistica in modo che non ci siano cos\u00ec tante scelte: un&#8217;autolimitazione naturale in fotografia \u00e8 quella di lasciare fuori il colore e presentare il mondo in <strong>bianco e nero<\/strong>.<\/p>\n<p>In questo corso affronteremo il bianco e nero da un punto di vista del pensiero, , della visione, della composizione ma soprattutto dei metodi e delle metodologie per ottenere delle foto importanti ed in grado di fare la differenza.<\/p>\n","protected":false},"featured_media":10985,"comment_status":"open","ping_status":"closed","template":"","meta":{"pmpro_default_level":"","_vibebp_attr":"","_vibebp_dimensions":"","_vibebp_responsive_height":"","_vibebp_accordion_ie_support":""},"product_cat":[181],"product_tag":[],"class_list":{"0":"post-10800","1":"product","2":"type-product","3":"status-publish","4":"has-post-thumbnail","6":"product_cat-fotografia","7":"pmpro-has-access","8":"user-has-not-earned","10":"first","11":"instock","12":"sale","13":"downloadable","14":"virtual","15":"purchasable","16":"product-type-simple"},"_links":{"self":[{"href":"https:\/\/corsi.fotografareindigitale.com\/corsi\/wp-json\/wp\/v2\/product\/10800","targetHints":{"allow":["GET"]}}],"collection":[{"href":"https:\/\/corsi.fotografareindigitale.com\/corsi\/wp-json\/wp\/v2\/product"}],"about":[{"href":"https:\/\/corsi.fotografareindigitale.com\/corsi\/wp-json\/wp\/v2\/types\/product"}],"replies":[{"embeddable":true,"href":"https:\/\/corsi.fotografareindigitale.com\/corsi\/wp-json\/wp\/v2\/comments?post=10800"}],"wp:featuredmedia":[{"embeddable":true,"href":"https:\/\/corsi.fotografareindigitale.com\/corsi\/wp-json\/wp\/v2\/media\/10985"}],"wp:attachment":[{"href":"https:\/\/corsi.fotografareindigitale.com\/corsi\/wp-json\/wp\/v2\/media?parent=10800"}],"wp:term":[{"taxonomy":"product_cat","embeddable":true,"href":"https:\/\/corsi.fotografareindigitale.com\/corsi\/wp-json\/wp\/v2\/product_cat?post=10800"},{"taxonomy":"product_tag","embeddable":true,"href":"https:\/\/corsi.fotografareindigitale.com\/corsi\/wp-json\/wp\/v2\/product_tag?post=10800"}],"curies":[{"name":"wp","href":"https:\/\/api.w.org\/{rel}","templated":true}]}}