{"id":10904,"date":"2020-11-24T14:28:42","date_gmt":"2020-11-24T13:28:42","guid":{"rendered":"http:\/\/corsi.fotografareindigitale.com\/corsi\/?post_type=product&#038;p=10904"},"modified":"2024-08-10T14:12:55","modified_gmt":"2024-08-10T12:12:55","slug":"i-veloci-apertura-profondita-di-campo-e-distanza-iperfocale","status":"publish","type":"product","link":"https:\/\/corsi.fotografareindigitale.com\/corsi\/product\/i-veloci-apertura-profondita-di-campo-e-distanza-iperfocale\/","title":{"rendered":"I veloci &#8211; Apertura, Profondit\u00e0 di Campo e Distanza Iperfocale"},"content":{"rendered":"<p><!--WeLinkPC-->Chiunque si avvicini al mondo della fotografia deve essere in grado di padroneggiare la profondit\u00e0 di campo. Questo corso pone appunto l&#8217;accento su tutto ci\u00f2 che &#8220;ruota&#8221; intorno alla profondit\u00e0 di campo stessa, a partire dalla definizione di apertura fino ai concetti di distanza iperfocale e cerchio di confusione.<\/p>\n","protected":false},"excerpt":{"rendered":"<p><!--WeLinkPC-->Chiunque si avvicini al mondo della fotografia deve essere in grado di padroneggiare la profondit\u00e0 di campo. Questo corso pone appunto l&#8217;accento su tutto ci\u00f2 che &#8220;ruota&#8221; intorno alla profondit\u00e0 di campo stessa, a partire dalla definizione di apertura fino ai concetti di distanza iperfocale e cerchio di confusione.<\/p>\n","protected":false},"featured_media":10990,"comment_status":"open","ping_status":"closed","template":"","meta":{"pmpro_default_level":"","_vibebp_attr":"","_vibebp_dimensions":"","_vibebp_responsive_height":"","_vibebp_accordion_ie_support":""},"product_cat":[181],"product_tag":[],"class_list":{"0":"post-10904","1":"product","2":"type-product","3":"status-publish","4":"has-post-thumbnail","6":"product_cat-fotografia","7":"pmpro-has-access","8":"user-has-not-earned","10":"first","11":"instock","12":"virtual","13":"purchasable","14":"product-type-simple"},"_links":{"self":[{"href":"https:\/\/corsi.fotografareindigitale.com\/corsi\/wp-json\/wp\/v2\/product\/10904","targetHints":{"allow":["GET"]}}],"collection":[{"href":"https:\/\/corsi.fotografareindigitale.com\/corsi\/wp-json\/wp\/v2\/product"}],"about":[{"href":"https:\/\/corsi.fotografareindigitale.com\/corsi\/wp-json\/wp\/v2\/types\/product"}],"replies":[{"embeddable":true,"href":"https:\/\/corsi.fotografareindigitale.com\/corsi\/wp-json\/wp\/v2\/comments?post=10904"}],"wp:featuredmedia":[{"embeddable":true,"href":"https:\/\/corsi.fotografareindigitale.com\/corsi\/wp-json\/wp\/v2\/media\/10990"}],"wp:attachment":[{"href":"https:\/\/corsi.fotografareindigitale.com\/corsi\/wp-json\/wp\/v2\/media?parent=10904"}],"wp:term":[{"taxonomy":"product_cat","embeddable":true,"href":"https:\/\/corsi.fotografareindigitale.com\/corsi\/wp-json\/wp\/v2\/product_cat?post=10904"},{"taxonomy":"product_tag","embeddable":true,"href":"https:\/\/corsi.fotografareindigitale.com\/corsi\/wp-json\/wp\/v2\/product_tag?post=10904"}],"curies":[{"name":"wp","href":"https:\/\/api.w.org\/{rel}","templated":true}]}}