{"id":10920,"date":"2020-11-25T17:38:27","date_gmt":"2020-11-25T16:38:27","guid":{"rendered":"http:\/\/corsi.fotografareindigitale.com\/corsi\/?post_type=product&#038;p=10920"},"modified":"2024-10-08T07:17:31","modified_gmt":"2024-10-08T05:17:31","slug":"professione-fotografo-2","status":"publish","type":"product","link":"https:\/\/corsi.fotografareindigitale.com\/corsi\/product\/professione-fotografo-2\/","title":{"rendered":"Professione Fotografo: far partire e saper gestire un intero business"},"content":{"rendered":"<p>L&#8217;avvento della fotografia digitale ha portato a un&#8217;esplosione della fotografia, sia come forma d&#8217;arte creativa che come scelta di carriera. Le basi per diventare un fotografo sono incredibilmente facili: puoi acquistare una macchina fotografica e alcune attrezzature, imparare la fotografia da una moltitudine di corsi di fotografia online gratuiti, praticare le tue abilit\u00e0 fotografiche, trovare una nicchia su cui concentrarti.<\/p>\n<p>Ma quanto conviene (se conviene) diventare un fotografo professionista?<\/p>\n<p>Tuttavia, anche se sembra facile fare una carriera fa fotografo, in\u00a0 verit\u00e0 non \u00e8 cos\u00ec semplice. La fotografia \u00e8 un campo estremamente competitivo che richiede di avere talento, abilit\u00e0, acume per il marketing e disciplina per lasciare il segno come fotografo professionista. Per avere successo, i fotografi professionisti non devono solo avere talento, ma devono anche avere la tenacia di fare lunghe ore di lavoro, competere duramente a causa dello squilibrio tra domanda e offerta e gestire la propria attivit\u00e0 di imprenditore.<\/p>\n<p>Questo corso vi permetter\u00e0 di esplorare i vari fattori che devono essere presi in considerazione quali:<\/p>\n<p>La scelta della nicchia fotografica giusta, la creazione di un portfolio fotografico, i costi e i relativi business case della professione fotografica, la ricerca dei clienti, il marketing fotografico e l&#8217;immancabile sezione relativa ai limiti legali relativi alla professione stessa.<\/p>\n","protected":false},"excerpt":{"rendered":"<p>L&#8217;avvento della fotografia digitale ha portato a un&#8217;esplosione della fotografia, sia come forma d&#8217;arte creativa che come scelta di carriera. Le basi per diventare un fotografo sono incredibilmente facili: puoi acquistare una macchina fotografica e alcune attrezzature, imparare la fotografia da una moltitudine di corsi di fotografia online gratuiti, praticare le tue abilit\u00e0 fotografiche, trovare una nicchia su cui concentrarti.<\/p>\n<p>Ma quanto conviene (se conviene) diventare un fotografo professionista?<\/p>\n<p>Tuttavia, anche se sembra facile fare una carriera fa fotografo, in\u00a0 verit\u00e0 non \u00e8 cos\u00ec semplice. La fotografia \u00e8 un campo estremamente competitivo che richiede di avere talento, abilit\u00e0, acume per il marketing e disciplina per lasciare il segno come fotografo professionista. Per avere successo, i fotografi professionisti non devono solo avere talento, ma devono anche avere la tenacia di fare lunghe ore di lavoro, competere duramente a causa dello squilibrio tra domanda e offerta e gestire la propria attivit\u00e0 di imprenditore.<\/p>\n<p>Questo corso vi permetter\u00e0 di esplorare i vari fattori che devono essere presi in considerazione quali:<\/p>\n<p>La scelta della nicchia fotografica giusta, la creazione di un portfolio fotografico, i costi e i relativi business case della professione fotografica, la ricerca dei clienti, il marketing fotografico e l&#8217;immancabile sezione relativa ai limiti legali relativi alla professione stessa.<\/p>\n","protected":false},"featured_media":10988,"comment_status":"open","ping_status":"closed","template":"","meta":{"pmpro_default_level":"","_vibebp_attr":"","_vibebp_dimensions":"","_vibebp_responsive_height":"","_vibebp_accordion_ie_support":""},"product_cat":[181],"product_tag":[],"class_list":{"0":"post-10920","1":"product","2":"type-product","3":"status-publish","4":"has-post-thumbnail","6":"product_cat-fotografia","7":"pmpro-has-access","8":"user-has-not-earned","10":"first","11":"instock","12":"virtual","13":"purchasable","14":"product-type-simple"},"_links":{"self":[{"href":"https:\/\/corsi.fotografareindigitale.com\/corsi\/wp-json\/wp\/v2\/product\/10920","targetHints":{"allow":["GET"]}}],"collection":[{"href":"https:\/\/corsi.fotografareindigitale.com\/corsi\/wp-json\/wp\/v2\/product"}],"about":[{"href":"https:\/\/corsi.fotografareindigitale.com\/corsi\/wp-json\/wp\/v2\/types\/product"}],"replies":[{"embeddable":true,"href":"https:\/\/corsi.fotografareindigitale.com\/corsi\/wp-json\/wp\/v2\/comments?post=10920"}],"wp:featuredmedia":[{"embeddable":true,"href":"https:\/\/corsi.fotografareindigitale.com\/corsi\/wp-json\/wp\/v2\/media\/10988"}],"wp:attachment":[{"href":"https:\/\/corsi.fotografareindigitale.com\/corsi\/wp-json\/wp\/v2\/media?parent=10920"}],"wp:term":[{"taxonomy":"product_cat","embeddable":true,"href":"https:\/\/corsi.fotografareindigitale.com\/corsi\/wp-json\/wp\/v2\/product_cat?post=10920"},{"taxonomy":"product_tag","embeddable":true,"href":"https:\/\/corsi.fotografareindigitale.com\/corsi\/wp-json\/wp\/v2\/product_tag?post=10920"}],"curies":[{"name":"wp","href":"https:\/\/api.w.org\/{rel}","templated":true}]}}