{"id":11455,"date":"2021-03-04T15:39:42","date_gmt":"2021-03-04T14:39:42","guid":{"rendered":"http:\/\/corsi.fotografareindigitale.com\/corsi\/?post_type=product&#038;p=11455"},"modified":"2021-03-04T15:41:11","modified_gmt":"2021-03-04T14:41:11","slug":"i-colori-in-fotografia","status":"publish","type":"product","link":"https:\/\/corsi.fotografareindigitale.com\/corsi\/product\/i-colori-in-fotografia\/","title":{"rendered":"I veloci &#8211; I colori in fotografia"},"content":{"rendered":"<p>Come fotografi, abbiamo molti strumenti a nostra disposizione: regole di composizione, conoscenza della luce, triangolo dell&#8217;esposizione e cos\u00ec via. Ma ce n&#8217;\u00e8 uno (di questi strumenti) che forse \u00e8 in grado di primeggiare su tutti gli altri: il <strong>colore<\/strong>. Anche se pu\u00f2 essere un elemento intimidatorio per un fotografo, il colore pu\u00f2 aiutare a solidificare una voce: conoscendo e comprendendo la teoria del colore &#8211; come fanno i pittori, i designer e gli artisti di tutti i mestieri &#8211; un fotografo pu\u00f2 utilizzare il colore a proprio vantaggio.<\/p>\n<p>L&#8217;uso appropriato del colore nella fotografia aggiunge un elemento dinamico alle immagini,\u00a0 molto piacevole per l&#8217;occhio. Il suo uso corretto vi permetter\u00e0 di creare fotografie di cui essere orgogliosi.<\/p>\n<p>&nbsp;<\/p>\n","protected":false},"excerpt":{"rendered":"<p>Come fotografi, abbiamo molti strumenti a nostra disposizione: regole di composizione, conoscenza della luce, triangolo dell&#8217;esposizione e cos\u00ec via. Ma ce n&#8217;\u00e8 uno (di questi strumenti) che forse \u00e8 in grado di primeggiare su tutti gli altri: il <strong>colore<\/strong>. Anche se pu\u00f2 essere un elemento intimidatorio per un fotografo, il colore pu\u00f2 aiutare a solidificare una voce: conoscendo e comprendendo la teoria del colore &#8211; come fanno i pittori, i designer e gli artisti di tutti i mestieri &#8211; un fotografo pu\u00f2 utilizzare il colore a proprio vantaggio.<\/p>\n<p>L&#8217;uso appropriato del colore nella fotografia aggiunge un elemento dinamico alle immagini,\u00a0 molto piacevole per l&#8217;occhio. Il suo uso corretto vi permetter\u00e0 di creare fotografie di cui essere orgogliosi.<\/p>\n<p>&nbsp;<\/p>\n","protected":false},"featured_media":11457,"comment_status":"open","ping_status":"closed","template":"","meta":{"pmpro_default_level":"","_vibebp_attr":"","_vibebp_dimensions":"","_vibebp_responsive_height":"","_vibebp_accordion_ie_support":""},"product_cat":[181],"product_tag":[],"class_list":{"0":"post-11455","1":"product","2":"type-product","3":"status-publish","4":"has-post-thumbnail","6":"product_cat-fotografia","7":"pmpro-has-access","8":"user-has-not-earned","10":"first","11":"instock","12":"virtual","13":"purchasable","14":"product-type-simple"},"_links":{"self":[{"href":"https:\/\/corsi.fotografareindigitale.com\/corsi\/wp-json\/wp\/v2\/product\/11455","targetHints":{"allow":["GET"]}}],"collection":[{"href":"https:\/\/corsi.fotografareindigitale.com\/corsi\/wp-json\/wp\/v2\/product"}],"about":[{"href":"https:\/\/corsi.fotografareindigitale.com\/corsi\/wp-json\/wp\/v2\/types\/product"}],"replies":[{"embeddable":true,"href":"https:\/\/corsi.fotografareindigitale.com\/corsi\/wp-json\/wp\/v2\/comments?post=11455"}],"wp:featuredmedia":[{"embeddable":true,"href":"https:\/\/corsi.fotografareindigitale.com\/corsi\/wp-json\/wp\/v2\/media\/11457"}],"wp:attachment":[{"href":"https:\/\/corsi.fotografareindigitale.com\/corsi\/wp-json\/wp\/v2\/media?parent=11455"}],"wp:term":[{"taxonomy":"product_cat","embeddable":true,"href":"https:\/\/corsi.fotografareindigitale.com\/corsi\/wp-json\/wp\/v2\/product_cat?post=11455"},{"taxonomy":"product_tag","embeddable":true,"href":"https:\/\/corsi.fotografareindigitale.com\/corsi\/wp-json\/wp\/v2\/product_tag?post=11455"}],"curies":[{"name":"wp","href":"https:\/\/api.w.org\/{rel}","templated":true}]}}