{"id":11463,"date":"2021-03-04T15:47:20","date_gmt":"2021-03-04T14:47:20","guid":{"rendered":"http:\/\/corsi.fotografareindigitale.com\/corsi\/?post_type=product&#038;p=11463"},"modified":"2023-03-07T21:44:37","modified_gmt":"2023-03-07T20:44:37","slug":"i-veloci-la-reflex-digitale","status":"publish","type":"product","link":"https:\/\/corsi.fotografareindigitale.com\/corsi\/product\/i-veloci-la-reflex-digitale\/","title":{"rendered":"I veloci &#8211; La Reflex Digitale"},"content":{"rendered":"<p>La reflex digitiale \u00e8 la macchina fotografica per antonomasia, o meglio \u00e8 la macchina fotografica che chi vuole fare fotografia di alta qualit\u00e0 deve possedere. Per quanto i moderni smartphone o le pi\u00f9 piccole &#8220;compatte&#8221; offrano oramai prestazioni di alto livello, avere in mano una Reflex significa fare fotografia in modo completamente differente.<\/p>\n<p>In questo corso potrete vedere nel dettaglio \u00e8 come \u00e8 fatta una Reflex, le sue componenti ed in particolare il cuore della reflex stessa: il sensore.<\/p>\n<p>La parte finale del corso\u00a0 vi porter\u00e0 infine nelle fabbriche dei brand pi\u00f9 noti, per vedere da vicino come vengono realizzati i differenti componenti della reflex stessa.<\/p>\n","protected":false},"excerpt":{"rendered":"<p>La reflex digitiale \u00e8 la macchina fotografica per antonomasia, o meglio \u00e8 la macchina fotografica che chi vuole fare fotografia di alta qualit\u00e0 deve possedere. Per quanto i moderni smartphone o le pi\u00f9 piccole &#8220;compatte&#8221; offrano oramai prestazioni di alto livello, avere in mano una Reflex significa fare fotografia in modo completamente differente.<\/p>\n<p>In questo corso potrete vedere nel dettaglio \u00e8 come \u00e8 fatta una Reflex, le sue componenti ed in particolare il cuore della reflex stessa: il sensore.<\/p>\n<p>La parte finale del corso\u00a0 vi porter\u00e0 infine nelle fabbriche dei brand pi\u00f9 noti, per vedere da vicino come vengono realizzati i differenti componenti della reflex stessa.<\/p>\n","protected":false},"featured_media":11321,"comment_status":"open","ping_status":"closed","template":"","meta":{"pmpro_default_level":"","_vibebp_attr":"","_vibebp_dimensions":"","_vibebp_responsive_height":"","_vibebp_accordion_ie_support":""},"product_cat":[181],"product_tag":[],"class_list":{"0":"post-11463","1":"product","2":"type-product","3":"status-publish","4":"has-post-thumbnail","6":"product_cat-fotografia","7":"pmpro-has-access","8":"user-has-not-earned","10":"first","11":"instock","12":"virtual","13":"purchasable","14":"product-type-simple"},"_links":{"self":[{"href":"https:\/\/corsi.fotografareindigitale.com\/corsi\/wp-json\/wp\/v2\/product\/11463","targetHints":{"allow":["GET"]}}],"collection":[{"href":"https:\/\/corsi.fotografareindigitale.com\/corsi\/wp-json\/wp\/v2\/product"}],"about":[{"href":"https:\/\/corsi.fotografareindigitale.com\/corsi\/wp-json\/wp\/v2\/types\/product"}],"replies":[{"embeddable":true,"href":"https:\/\/corsi.fotografareindigitale.com\/corsi\/wp-json\/wp\/v2\/comments?post=11463"}],"wp:featuredmedia":[{"embeddable":true,"href":"https:\/\/corsi.fotografareindigitale.com\/corsi\/wp-json\/wp\/v2\/media\/11321"}],"wp:attachment":[{"href":"https:\/\/corsi.fotografareindigitale.com\/corsi\/wp-json\/wp\/v2\/media?parent=11463"}],"wp:term":[{"taxonomy":"product_cat","embeddable":true,"href":"https:\/\/corsi.fotografareindigitale.com\/corsi\/wp-json\/wp\/v2\/product_cat?post=11463"},{"taxonomy":"product_tag","embeddable":true,"href":"https:\/\/corsi.fotografareindigitale.com\/corsi\/wp-json\/wp\/v2\/product_tag?post=11463"}],"curies":[{"name":"wp","href":"https:\/\/api.w.org\/{rel}","templated":true}]}}