{"id":4161,"date":"2019-11-28T14:12:18","date_gmt":"2019-11-28T13:12:18","guid":{"rendered":"http:\/\/corsi.fotografareindigitale.com\/corsi\/?post_type=product&#038;p=4161"},"modified":"2024-10-08T14:50:49","modified_gmt":"2024-10-08T12:50:49","slug":"i-veloci-il-moltiplicatore-di-focale","status":"publish","type":"product","link":"https:\/\/corsi.fotografareindigitale.com\/corsi\/product\/i-veloci-il-moltiplicatore-di-focale\/","title":{"rendered":"I veloci &#8211; Il moltiplicatore di focale"},"content":{"rendered":"<p>Quando si utilizzano teleobiettivi e gli obiettivi macro, \u00e8 spesso necessario avere inquadrature pi\u00f9 strette su un soggetto che viene fotografato. Uno dei motivi principali di questa necessit\u00e0 \u00e8 quello di ingrandire il soggetto e migliorarne i dettagli per mostrarlo al meglio nella foto finale.\u00a0\u00a0In tali situazioni, un Un <strong>moltiplicatore di focale<\/strong> pu\u00f2 venire in soccorso dei fotografi.<\/p>\n","protected":false},"excerpt":{"rendered":"<p>Quando si utilizzano teleobiettivi e gli obiettivi macro, \u00e8 spesso necessario avere inquadrature pi\u00f9 strette su un soggetto che viene &hellip;<\/p>\n","protected":false},"featured_media":10959,"comment_status":"open","ping_status":"closed","template":"","meta":{"pmpro_default_level":"","_vibebp_attr":"","_vibebp_dimensions":"","_vibebp_responsive_height":"","_vibebp_accordion_ie_support":""},"product_cat":[181],"product_tag":[],"class_list":{"0":"post-4161","1":"product","2":"type-product","3":"status-publish","4":"has-post-thumbnail","6":"product_cat-fotografia","7":"pmpro-has-access","8":"user-has-not-earned","10":"first","11":"instock","12":"downloadable","13":"virtual","14":"purchasable","15":"product-type-simple"},"_links":{"self":[{"href":"https:\/\/corsi.fotografareindigitale.com\/corsi\/wp-json\/wp\/v2\/product\/4161","targetHints":{"allow":["GET"]}}],"collection":[{"href":"https:\/\/corsi.fotografareindigitale.com\/corsi\/wp-json\/wp\/v2\/product"}],"about":[{"href":"https:\/\/corsi.fotografareindigitale.com\/corsi\/wp-json\/wp\/v2\/types\/product"}],"replies":[{"embeddable":true,"href":"https:\/\/corsi.fotografareindigitale.com\/corsi\/wp-json\/wp\/v2\/comments?post=4161"}],"wp:featuredmedia":[{"embeddable":true,"href":"https:\/\/corsi.fotografareindigitale.com\/corsi\/wp-json\/wp\/v2\/media\/10959"}],"wp:attachment":[{"href":"https:\/\/corsi.fotografareindigitale.com\/corsi\/wp-json\/wp\/v2\/media?parent=4161"}],"wp:term":[{"taxonomy":"product_cat","embeddable":true,"href":"https:\/\/corsi.fotografareindigitale.com\/corsi\/wp-json\/wp\/v2\/product_cat?post=4161"},{"taxonomy":"product_tag","embeddable":true,"href":"https:\/\/corsi.fotografareindigitale.com\/corsi\/wp-json\/wp\/v2\/product_tag?post=4161"}],"curies":[{"name":"wp","href":"https:\/\/api.w.org\/{rel}","templated":true}]}}