{"id":4164,"date":"2019-11-28T14:14:09","date_gmt":"2019-11-28T13:14:09","guid":{"rendered":"http:\/\/corsi.fotografareindigitale.com\/corsi\/?post_type=product&#038;p=4164"},"modified":"2023-03-07T21:32:05","modified_gmt":"2023-03-07T20:32:05","slug":"i-veloci-a-proposito-di-etica","status":"publish","type":"product","link":"https:\/\/corsi.fotografareindigitale.com\/corsi\/product\/i-veloci-a-proposito-di-etica\/","title":{"rendered":"I veloci &#8211; A proposito di Etica"},"content":{"rendered":"<p>L&#8217;etica in fotografia \u00e8 uno degli argomenti pi\u00f9 controversi, in particolare negli ultimi tempi, grazie (o per colpa) dell&#8217;avvento degli strumenti di photoediting, come Photoshop.<\/p>\n<p>In questo veloce corso vogliamo mettere l&#8217;accento su come si sta evolvendo il concetto di etica fotografica, tentando di porre dei &#8220;paletti&#8221; tra ci\u00f2 che \u00e8 etico e ci\u00f2 che non lo \u00e8.<\/p>\n","protected":false},"excerpt":{"rendered":"<p>L&#8217;etica in fotografia \u00e8 uno degli argomenti pi\u00f9 controversi, in particolare negli ultimi tempi, grazie (o per colpa) dell&#8217;avvento degli &hellip;<\/p>\n","protected":false},"featured_media":10948,"comment_status":"open","ping_status":"closed","template":"","meta":{"pmpro_default_level":"","_vibebp_attr":"","_vibebp_dimensions":"","_vibebp_responsive_height":"","_vibebp_accordion_ie_support":""},"product_cat":[181],"product_tag":[],"class_list":{"0":"post-4164","1":"product","2":"type-product","3":"status-publish","4":"has-post-thumbnail","6":"product_cat-fotografia","7":"pmpro-has-access","8":"user-has-not-earned","10":"first","11":"instock","12":"downloadable","13":"virtual","14":"purchasable","15":"product-type-simple"},"_links":{"self":[{"href":"https:\/\/corsi.fotografareindigitale.com\/corsi\/wp-json\/wp\/v2\/product\/4164","targetHints":{"allow":["GET"]}}],"collection":[{"href":"https:\/\/corsi.fotografareindigitale.com\/corsi\/wp-json\/wp\/v2\/product"}],"about":[{"href":"https:\/\/corsi.fotografareindigitale.com\/corsi\/wp-json\/wp\/v2\/types\/product"}],"replies":[{"embeddable":true,"href":"https:\/\/corsi.fotografareindigitale.com\/corsi\/wp-json\/wp\/v2\/comments?post=4164"}],"wp:featuredmedia":[{"embeddable":true,"href":"https:\/\/corsi.fotografareindigitale.com\/corsi\/wp-json\/wp\/v2\/media\/10948"}],"wp:attachment":[{"href":"https:\/\/corsi.fotografareindigitale.com\/corsi\/wp-json\/wp\/v2\/media?parent=4164"}],"wp:term":[{"taxonomy":"product_cat","embeddable":true,"href":"https:\/\/corsi.fotografareindigitale.com\/corsi\/wp-json\/wp\/v2\/product_cat?post=4164"},{"taxonomy":"product_tag","embeddable":true,"href":"https:\/\/corsi.fotografareindigitale.com\/corsi\/wp-json\/wp\/v2\/product_tag?post=4164"}],"curies":[{"name":"wp","href":"https:\/\/api.w.org\/{rel}","templated":true}]}}