{"id":5682,"date":"2019-12-11T14:35:06","date_gmt":"2019-12-11T13:35:06","guid":{"rendered":"http:\/\/corsi.fotografareindigitale.com\/corsi\/?post_type=product&#038;p=5682"},"modified":"2020-11-26T13:52:55","modified_gmt":"2020-11-26T12:52:55","slug":"i-veloci-le-tecniche-fotografiche","status":"publish","type":"product","link":"https:\/\/corsi.fotografareindigitale.com\/corsi\/product\/i-veloci-le-tecniche-fotografiche\/","title":{"rendered":"I veloci &#8211; Le tecniche fotografiche"},"content":{"rendered":"<p>Saper fotografare in tutte le condizioni e tutte le situazioni non \u00e8 semplice n\u00e8 immediato. Questo corso di fotografia, della serie &#8220;I veloci&#8221;, ti aiuter\u00e0 ad orientarti tra le differenti situazioni e ti dar\u00e0 una serie di consigli e suggerimenti per riuscire al meglio nella tua fotografia.<\/p>\n","protected":false},"excerpt":{"rendered":"<p>Saper fotografare in tutte le condizioni e tutte le situazioni non \u00e8 semplice n\u00e8 immediato. Questo corso di fotografia, della &hellip;<\/p>\n","protected":false},"featured_media":10949,"comment_status":"open","ping_status":"closed","template":"","meta":{"pmpro_default_level":"","_vibebp_attr":"","_vibebp_dimensions":"","_vibebp_responsive_height":"","_vibebp_accordion_ie_support":""},"product_cat":[181],"product_tag":[],"class_list":{"0":"post-5682","1":"product","2":"type-product","3":"status-publish","4":"has-post-thumbnail","6":"product_cat-fotografia","7":"pmpro-has-access","8":"user-has-not-earned","10":"first","11":"instock","12":"downloadable","13":"virtual","14":"purchasable","15":"product-type-simple"},"_links":{"self":[{"href":"https:\/\/corsi.fotografareindigitale.com\/corsi\/wp-json\/wp\/v2\/product\/5682","targetHints":{"allow":["GET"]}}],"collection":[{"href":"https:\/\/corsi.fotografareindigitale.com\/corsi\/wp-json\/wp\/v2\/product"}],"about":[{"href":"https:\/\/corsi.fotografareindigitale.com\/corsi\/wp-json\/wp\/v2\/types\/product"}],"replies":[{"embeddable":true,"href":"https:\/\/corsi.fotografareindigitale.com\/corsi\/wp-json\/wp\/v2\/comments?post=5682"}],"wp:featuredmedia":[{"embeddable":true,"href":"https:\/\/corsi.fotografareindigitale.com\/corsi\/wp-json\/wp\/v2\/media\/10949"}],"wp:attachment":[{"href":"https:\/\/corsi.fotografareindigitale.com\/corsi\/wp-json\/wp\/v2\/media?parent=5682"}],"wp:term":[{"taxonomy":"product_cat","embeddable":true,"href":"https:\/\/corsi.fotografareindigitale.com\/corsi\/wp-json\/wp\/v2\/product_cat?post=5682"},{"taxonomy":"product_tag","embeddable":true,"href":"https:\/\/corsi.fotografareindigitale.com\/corsi\/wp-json\/wp\/v2\/product_tag?post=5682"}],"curies":[{"name":"wp","href":"https:\/\/api.w.org\/{rel}","templated":true}]}}