{"id":7823,"date":"2020-02-06T17:16:55","date_gmt":"2020-02-06T16:16:55","guid":{"rendered":"http:\/\/corsi.fotografareindigitale.com\/corsi\/?post_type=product&#038;p=7823"},"modified":"2024-10-08T14:50:44","modified_gmt":"2024-10-08T12:50:44","slug":"i-veloci-massimizzazione-della-qualita-delle-immagini","status":"publish","type":"product","link":"https:\/\/corsi.fotografareindigitale.com\/corsi\/product\/i-veloci-massimizzazione-della-qualita-delle-immagini\/","title":{"rendered":"I Veloci &#8211; Massimizzazione della qualit\u00e0 delle immagini"},"content":{"rendered":"<p>C&#8217;\u00e8 un modo ottimale per impostare la fotocamera per una data foto. Non solo, ma c&#8217;\u00e8 anche un modo ottimale per impostare il software di post-elaborazione e le impostazioni di esportazione in base al supporto di output.<\/p>\n<p>in questo corso, capiremo come ottenere il massimo, soprattutto in fase di scatto, dalla nostra macchina fotografica.<\/p>\n<p>Il corso di fotografia vi introdurr\u00e0 non solo ai concetti avanzati relativi alla qualit\u00e0 delle immagini (spiegando nel dettaglio concetti come la distanza iperfocale), ma anche e soprattutto alla metodologia per scegliere la miglior apertura possibile<\/p>\n","protected":false},"excerpt":{"rendered":"<p>C&#8217;\u00e8 un modo ottimale per impostare la fotocamera per una data foto. Non solo, ma c&#8217;\u00e8 anche un modo ottimale &hellip;<\/p>\n","protected":false},"featured_media":10952,"comment_status":"open","ping_status":"closed","template":"","meta":{"pmpro_default_level":"","_vibebp_attr":"","_vibebp_dimensions":"","_vibebp_responsive_height":"","_vibebp_accordion_ie_support":""},"product_cat":[181],"product_tag":[],"class_list":{"0":"post-7823","1":"product","2":"type-product","3":"status-publish","4":"has-post-thumbnail","6":"product_cat-fotografia","7":"pmpro-has-access","8":"user-has-not-earned","10":"first","11":"instock","12":"virtual","13":"purchasable","14":"product-type-simple"},"_links":{"self":[{"href":"https:\/\/corsi.fotografareindigitale.com\/corsi\/wp-json\/wp\/v2\/product\/7823","targetHints":{"allow":["GET"]}}],"collection":[{"href":"https:\/\/corsi.fotografareindigitale.com\/corsi\/wp-json\/wp\/v2\/product"}],"about":[{"href":"https:\/\/corsi.fotografareindigitale.com\/corsi\/wp-json\/wp\/v2\/types\/product"}],"replies":[{"embeddable":true,"href":"https:\/\/corsi.fotografareindigitale.com\/corsi\/wp-json\/wp\/v2\/comments?post=7823"}],"wp:featuredmedia":[{"embeddable":true,"href":"https:\/\/corsi.fotografareindigitale.com\/corsi\/wp-json\/wp\/v2\/media\/10952"}],"wp:attachment":[{"href":"https:\/\/corsi.fotografareindigitale.com\/corsi\/wp-json\/wp\/v2\/media?parent=7823"}],"wp:term":[{"taxonomy":"product_cat","embeddable":true,"href":"https:\/\/corsi.fotografareindigitale.com\/corsi\/wp-json\/wp\/v2\/product_cat?post=7823"},{"taxonomy":"product_tag","embeddable":true,"href":"https:\/\/corsi.fotografareindigitale.com\/corsi\/wp-json\/wp\/v2\/product_tag?post=7823"}],"curies":[{"name":"wp","href":"https:\/\/api.w.org\/{rel}","templated":true}]}}